{"id":5299,"date":"2019-06-26T07:48:01","date_gmt":"2019-06-26T07:48:01","guid":{"rendered":"https:\/\/chassenay.com\/actualites\/"},"modified":"2025-01-30T09:20:18","modified_gmt":"2025-01-30T08:20:18","slug":"whats-new","status":"publish","type":"page","link":"https:\/\/chassenay.com\/en\/whats-new\/","title":{"rendered":"WHAT&#8217;S NEW"},"content":{"rendered":"\t\t<div data-elementor-type=\"wp-post\" data-elementor-id=\"5299\" class=\"elementor elementor-5299 elementor-501\" data-elementor-post-type=\"page\">\n\t\t\t\t<div class=\"elementor-element elementor-element-62693f4 animated-slow e-flex e-con-boxed elementor-invisible e-con e-parent\" data-id=\"62693f4\" data-element_type=\"container\" data-e-type=\"container\" data-settings=\"{&quot;animation&quot;:&quot;fadeInUp&quot;}\">\n\t\t\t\t\t<div class=\"e-con-inner\">\n\t\t\t\t<div class=\"elementor-element elementor-element-df65016 elementor-widget elementor-widget-spacer\" data-id=\"df65016\" data-element_type=\"widget\" data-e-type=\"widget\" data-widget_type=\"spacer.default\">\n\t\t\t\t<div class=\"elementor-widget-container\">\n\t\t\t\t\t\t\t<div class=\"elementor-spacer\">\n\t\t\t<div class=\"elementor-spacer-inner\"><\/div>\n\t\t<\/div>\n\t\t\t\t\t\t<\/div>\n\t\t\t\t<\/div>\n\t\t\t\t<div class=\"elementor-element elementor-element-81ee92b elementor-widget elementor-widget-heading\" data-id=\"81ee92b\" data-element_type=\"widget\" data-e-type=\"widget\" data-widget_type=\"heading.default\">\n\t\t\t\t<div class=\"elementor-widget-container\">\n\t\t\t\t\t<h3 class=\"elementor-heading-title elementor-size-default\">WHAT'S NEW<\/h3>\t\t\t\t<\/div>\n\t\t\t\t<\/div>\n\t\t\t\t<div class=\"elementor-element elementor-element-51f39f3 elementor-widget elementor-widget-spacer\" data-id=\"51f39f3\" data-element_type=\"widget\" data-e-type=\"widget\" data-widget_type=\"spacer.default\">\n\t\t\t\t<div class=\"elementor-widget-container\">\n\t\t\t\t\t\t\t<div class=\"elementor-spacer\">\n\t\t\t<div class=\"elementor-spacer-inner\"><\/div>\n\t\t<\/div>\n\t\t\t\t\t\t<\/div>\n\t\t\t\t<\/div>\n\t\t\t\t<div class=\"elementor-element elementor-element-0901b37 elementor-grid-4 elementor-grid-tablet-2 elementor-grid-mobile-1 elementor-posts--thumbnail-top elementor-card-shadow-yes elementor-posts__hover-gradient elementor-widget elementor-widget-posts\" data-id=\"0901b37\" data-element_type=\"widget\" data-e-type=\"widget\" data-settings=\"{&quot;cards_columns&quot;:&quot;4&quot;,&quot;pagination_type&quot;:&quot;numbers&quot;,&quot;cards_columns_tablet&quot;:&quot;2&quot;,&quot;cards_columns_mobile&quot;:&quot;1&quot;,&quot;cards_row_gap&quot;:{&quot;unit&quot;:&quot;px&quot;,&quot;size&quot;:35,&quot;sizes&quot;:[]},&quot;cards_row_gap_tablet&quot;:{&quot;unit&quot;:&quot;px&quot;,&quot;size&quot;:&quot;&quot;,&quot;sizes&quot;:[]},&quot;cards_row_gap_mobile&quot;:{&quot;unit&quot;:&quot;px&quot;,&quot;size&quot;:&quot;&quot;,&quot;sizes&quot;:[]}}\" data-widget_type=\"posts.cards\">\n\t\t\t\t<div class=\"elementor-widget-container\">\n\t\t\t\t\t\t\t<div class=\"elementor-posts-container elementor-posts elementor-posts--skin-cards elementor-grid\" role=\"list\">\n\t\t\t\t<article class=\"elementor-post elementor-grid-item post-46832 post type-post status-publish format-standard has-post-thumbnail hentry category-actualite category-news\" role=\"listitem\">\n\t\t\t<div class=\"elementor-post__card\">\n\t\t\t\t<a class=\"elementor-post__thumbnail__link\" href=\"https:\/\/chassenay.com\/en\/collection-magnums-un-hommage-aux-tresors-de-notre-oenotheque\/\" tabindex=\"-1\" ><div class=\"elementor-post__thumbnail\"><img fetchpriority=\"high\" decoding=\"async\" width=\"2560\" height=\"1920\" src=\"https:\/\/chassenay.com\/wp-content\/uploads\/2024\/09\/Chassenay_Caracteres_collection-magnums_150cl-scaled.jpg\" class=\"attachment-full size-full wp-image-46113\" alt=\"\" srcset=\"https:\/\/chassenay.com\/wp-content\/uploads\/2024\/09\/Chassenay_Caracteres_collection-magnums_150cl-scaled.jpg 2560w, https:\/\/chassenay.com\/wp-content\/uploads\/2024\/09\/Chassenay_Caracteres_collection-magnums_150cl-300x225.jpg 300w, https:\/\/chassenay.com\/wp-content\/uploads\/2024\/09\/Chassenay_Caracteres_collection-magnums_150cl-1024x768.jpg 1024w, https:\/\/chassenay.com\/wp-content\/uploads\/2024\/09\/Chassenay_Caracteres_collection-magnums_150cl-768x576.jpg 768w, https:\/\/chassenay.com\/wp-content\/uploads\/2024\/09\/Chassenay_Caracteres_collection-magnums_150cl-1536x1152.jpg 1536w, https:\/\/chassenay.com\/wp-content\/uploads\/2024\/09\/Chassenay_Caracteres_collection-magnums_150cl-2048x1536.jpg 2048w, https:\/\/chassenay.com\/wp-content\/uploads\/2024\/09\/Chassenay_Caracteres_collection-magnums_150cl-1320x990.jpg 1320w, https:\/\/chassenay.com\/wp-content\/uploads\/2024\/09\/Chassenay_Caracteres_collection-magnums_150cl-600x450.jpg 600w\" sizes=\"(max-width: 2560px) 100vw, 2560px\" \/><\/div><\/a>\n\t\t\t\t<div class=\"elementor-post__badge\">Actualit\u00e9<\/div>\n\t\t\t\t<div class=\"elementor-post__text\">\n\t\t\t\t<h3 class=\"elementor-post__title\">\n\t\t\t<a href=\"https:\/\/chassenay.com\/en\/collection-magnums-un-hommage-aux-tresors-de-notre-oenotheque\/\" >\n\t\t\t\tCollection magnums, un hommage aux tr\u00e9sors de notre \u0153noth\u00e8que\t\t\t<\/a>\n\t\t<\/h3>\n\t\t\t\t<div class=\"elementor-post__excerpt\">\n\t\t\t<p>Collection Magnums : Chassenay d\u2019Arce d\u00e9voile ses cuv\u00e9es rares Notre Maison de Vignerons est ravie de pr\u00e9senter sa premi\u00e8re collection<\/p>\n\t\t<\/div>\n\t\t\t\t\t<div class=\"elementor-post__read-more-wrapper\">\n\t\t\n\t\t<a class=\"elementor-post__read-more\" href=\"https:\/\/chassenay.com\/en\/collection-magnums-un-hommage-aux-tresors-de-notre-oenotheque\/\" aria-label=\"Read more about Collection magnums, un hommage aux tr\u00e9sors de notre \u0153noth\u00e8que\" tabindex=\"-1\" >\n\t\t\tLire la suite \u00bb\t\t<\/a>\n\n\t\t\t\t\t<\/div>\n\t\t\t\t<\/div>\n\t\t\t\t<div class=\"elementor-post__meta-data\">\n\t\t\t\t\t<span class=\"elementor-post-date\">\n\t\t\tJanuary 2025\t\t<\/span>\n\t\t\t\t<\/div>\n\t\t\t\t\t<\/div>\n\t\t<\/article>\n\t\t\t\t<article class=\"elementor-post elementor-grid-item post-46831 post type-post status-publish format-standard has-post-thumbnail hentry category-news\" role=\"listitem\">\n\t\t\t<div class=\"elementor-post__card\">\n\t\t\t\t<a class=\"elementor-post__thumbnail__link\" href=\"https:\/\/chassenay.com\/en\/chassenay-darce-devoile-selection-blanche\/\" tabindex=\"-1\" ><div class=\"elementor-post__thumbnail\"><img decoding=\"async\" width=\"600\" height=\"900\" src=\"https:\/\/chassenay.com\/wp-content\/uploads\/2025\/01\/CHASSENAY-ARCE-CHAMPAGNE-2-1.webp\" class=\"attachment-full size-full wp-image-46495\" alt=\"\" srcset=\"https:\/\/chassenay.com\/wp-content\/uploads\/2025\/01\/CHASSENAY-ARCE-CHAMPAGNE-2-1.webp 600w, https:\/\/chassenay.com\/wp-content\/uploads\/2025\/01\/CHASSENAY-ARCE-CHAMPAGNE-2-1-200x300.webp 200w\" sizes=\"(max-width: 600px) 100vw, 600px\" \/><\/div><\/a>\n\t\t\t\t<div class=\"elementor-post__badge\">News<\/div>\n\t\t\t\t<div class=\"elementor-post__text\">\n\t\t\t\t<h3 class=\"elementor-post__title\">\n\t\t\t<a href=\"https:\/\/chassenay.com\/en\/chassenay-darce-devoile-selection-blanche\/\" >\n\t\t\t\tChassenay d&#8217;Arce d\u00e9voile S\u00e9lection Blanche\t\t\t<\/a>\n\t\t<\/h3>\n\t\t\t\t<div class=\"elementor-post__excerpt\">\n\t\t\t<p>Notre Maison de Vignerons est fi\u00e8re de d\u00e9voiler S\u00e9lection Blanche, un nouveau champagne blanc de blancs qui vient enrichir la<\/p>\n\t\t<\/div>\n\t\t\t\t\t<div class=\"elementor-post__read-more-wrapper\">\n\t\t\n\t\t<a class=\"elementor-post__read-more\" href=\"https:\/\/chassenay.com\/en\/chassenay-darce-devoile-selection-blanche\/\" aria-label=\"Read more about Chassenay d&#8217;Arce d\u00e9voile S\u00e9lection Blanche\" tabindex=\"-1\" >\n\t\t\tLire la suite \u00bb\t\t<\/a>\n\n\t\t\t\t\t<\/div>\n\t\t\t\t<\/div>\n\t\t\t\t<div class=\"elementor-post__meta-data\">\n\t\t\t\t\t<span class=\"elementor-post-date\">\n\t\t\tJanuary 2025\t\t<\/span>\n\t\t\t\t<\/div>\n\t\t\t\t\t<\/div>\n\t\t<\/article>\n\t\t\t\t<article class=\"elementor-post elementor-grid-item post-44731 post type-post status-publish format-standard has-post-thumbnail hentry category-news\" role=\"listitem\">\n\t\t\t<div class=\"elementor-post__card\">\n\t\t\t\t<a class=\"elementor-post__thumbnail__link\" href=\"https:\/\/chassenay.com\/en\/un-ratafia-champenois\/\" tabindex=\"-1\" ><div class=\"elementor-post__thumbnail\"><img decoding=\"async\" width=\"1707\" height=\"2560\" src=\"https:\/\/chassenay.com\/wp-content\/uploads\/2024\/05\/P1169448-scaled.jpg\" class=\"attachment-full size-full wp-image-44736\" alt=\"\" \/><\/div><\/a>\n\t\t\t\t<div class=\"elementor-post__badge\">News<\/div>\n\t\t\t\t<div class=\"elementor-post__text\">\n\t\t\t\t<h3 class=\"elementor-post__title\">\n\t\t\t<a href=\"https:\/\/chassenay.com\/en\/un-ratafia-champenois\/\" >\n\t\t\t\tUn Ratafia champenois redessin\u00e9\t\t\t<\/a>\n\t\t<\/h3>\n\t\t\t\t<div class=\"elementor-post__excerpt\">\n\t\t\t<p>Ratafia champenois : un spiritueux artisanal \u00e9lev\u00e9 en f\u00fbts cigares Notre chef de cave pr\u00e9sente fi\u00e8rement son ratafia champenois, une<\/p>\n\t\t<\/div>\n\t\t\t\t\t<div class=\"elementor-post__read-more-wrapper\">\n\t\t\n\t\t<a class=\"elementor-post__read-more\" href=\"https:\/\/chassenay.com\/en\/un-ratafia-champenois\/\" aria-label=\"Read more about Un Ratafia champenois redessin\u00e9\" tabindex=\"-1\" >\n\t\t\tLire la suite \u00bb\t\t<\/a>\n\n\t\t\t\t\t<\/div>\n\t\t\t\t<\/div>\n\t\t\t\t<div class=\"elementor-post__meta-data\">\n\t\t\t\t\t<span class=\"elementor-post-date\">\n\t\t\tJune 2024\t\t<\/span>\n\t\t\t\t<\/div>\n\t\t\t\t\t<\/div>\n\t\t<\/article>\n\t\t\t\t<article class=\"elementor-post elementor-grid-item post-44712 post type-post status-publish format-standard has-post-thumbnail hentry category-news\" role=\"listitem\">\n\t\t\t<div class=\"elementor-post__card\">\n\t\t\t\t<a class=\"elementor-post__thumbnail__link\" href=\"https:\/\/chassenay.com\/en\/gamme-caracteres-chassenay-arce\/\" tabindex=\"-1\" ><div class=\"elementor-post__thumbnail\"><img decoding=\"async\" src=\"https:\/\/chassenay.com\/wp-content\/uploads\/2024\/05\/P1158480-scaled.jpg\" class=\"attachment-full size-full wp-image-44709\" alt=\"\" \/><\/div><\/a>\n\t\t\t\t<div class=\"elementor-post__badge\">News<\/div>\n\t\t\t\t<div class=\"elementor-post__text\">\n\t\t\t\t<h3 class=\"elementor-post__title\">\n\t\t\t<a href=\"https:\/\/chassenay.com\/en\/gamme-caracteres-chassenay-arce\/\" >\n\t\t\t\tLes Caract\u00e8res : nouveaux mill\u00e9simes et nouvel habillage\t\t\t<\/a>\n\t\t<\/h3>\n\t\t\t\t<div class=\"elementor-post__excerpt\">\n\t\t\t<p>Gamme Caract\u00e8res : les nouvelles cuv\u00e9es Chassenay d\u2019Arce Notre Maison de Vignerons est ravie de vous pr\u00e9senter les nouvelles cuv\u00e9es<\/p>\n\t\t<\/div>\n\t\t\t\t\t<div class=\"elementor-post__read-more-wrapper\">\n\t\t\n\t\t<a class=\"elementor-post__read-more\" href=\"https:\/\/chassenay.com\/en\/gamme-caracteres-chassenay-arce\/\" aria-label=\"Read more about Les Caract\u00e8res : nouveaux mill\u00e9simes et nouvel habillage\" tabindex=\"-1\" >\n\t\t\tLire la suite \u00bb\t\t<\/a>\n\n\t\t\t\t\t<\/div>\n\t\t\t\t<\/div>\n\t\t\t\t<div class=\"elementor-post__meta-data\">\n\t\t\t\t\t<span class=\"elementor-post-date\">\n\t\t\tMay 2024\t\t<\/span>\n\t\t\t\t<\/div>\n\t\t\t\t\t<\/div>\n\t\t<\/article>\n\t\t\t\t<\/div>\n\t\t\n\t\t\t\t<div class=\"e-load-more-anchor\" data-page=\"1\" data-max-page=\"7\" data-next-page=\"https:\/\/chassenay.com\/en\/wp-json\/wp\/v2\/pages\/5299\/page\/2\/\"><\/div>\n\t\t\t\t<nav class=\"elementor-pagination\" aria-label=\"Pagination\">\n\t\t\t<span aria-current=\"page\" class=\"page-numbers current\"><span class=\"elementor-screen-only\">Page<\/span>1<\/span>\n<a class=\"page-numbers\" href=\"https:\/\/chassenay.com\/en\/wp-json\/wp\/v2\/pages\/5299\/page\/2\/\"><span class=\"elementor-screen-only\">Page<\/span>2<\/a>\n<a class=\"page-numbers\" href=\"https:\/\/chassenay.com\/en\/wp-json\/wp\/v2\/pages\/5299\/page\/3\/\"><span class=\"elementor-screen-only\">Page<\/span>3<\/a>\n<a class=\"page-numbers\" href=\"https:\/\/chassenay.com\/en\/wp-json\/wp\/v2\/pages\/5299\/page\/4\/\"><span class=\"elementor-screen-only\">Page<\/span>4<\/a>\n<a class=\"page-numbers\" href=\"https:\/\/chassenay.com\/en\/wp-json\/wp\/v2\/pages\/5299\/page\/5\/\"><span class=\"elementor-screen-only\">Page<\/span>5<\/a>\t\t<\/nav>\n\t\t\t\t\t\t<\/div>\n\t\t\t\t<\/div>\n\t\t\t\t<div class=\"elementor-element elementor-element-7ef2295 elementor-widget elementor-widget-spacer\" data-id=\"7ef2295\" data-element_type=\"widget\" data-e-type=\"widget\" data-widget_type=\"spacer.default\">\n\t\t\t\t<div class=\"elementor-widget-container\">\n\t\t\t\t\t\t\t<div class=\"elementor-spacer\">\n\t\t\t<div class=\"elementor-spacer-inner\"><\/div>\n\t\t<\/div>\n\t\t\t\t\t\t<\/div>\n\t\t\t\t<\/div>\n\t\t\t\t\t<\/div>\n\t\t\t\t<\/div>\n\t\t\t\t<\/div>\n\t\t","protected":false},"excerpt":{"rendered":"<p>WHAT&#8217;S NEW<\/p>\n","protected":false},"author":1,"featured_media":42909,"parent":0,"menu_order":5,"comment_status":"closed","ping_status":"closed","template":"","meta":{"footnotes":""},"class_list":["post-5299","page","type-page","status-publish","has-post-thumbnail","hentry"],"yoast_head":"<!-- This site is optimized with the Yoast SEO plugin v27.2 - https:\/\/yoast.com\/product\/yoast-seo-wordpress\/ -->\n<title>WHAT&#039;S NEW - CHASSENAY D&#039;ARCE<\/title>\n<meta name=\"robots\" content=\"index, follow, max-snippet:-1, max-image-preview:large, max-video-preview:-1\" \/>\n<link rel=\"canonical\" href=\"https:\/\/chassenay.com\/en\/whats-new\/\" \/>\n<meta property=\"og:locale\" content=\"en_US\" \/>\n<meta property=\"og:type\" content=\"article\" \/>\n<meta property=\"og:title\" content=\"WHAT&#039;S NEW - CHASSENAY D&#039;ARCE\" \/>\n<meta property=\"og:description\" content=\"WHAT&#8217;S NEW\" \/>\n<meta property=\"og:url\" content=\"https:\/\/chassenay.com\/en\/whats-new\/\" \/>\n<meta property=\"og:site_name\" content=\"CHASSENAY D&#039;ARCE\" \/>\n<meta property=\"article:modified_time\" content=\"2025-01-30T08:20:18+00:00\" \/>\n<meta property=\"og:image\" content=\"https:\/\/chassenay.com\/wp-content\/uploads\/2023\/06\/philosophie-travail.jpg\" \/>\n\t<meta property=\"og:image:width\" content=\"1500\" \/>\n\t<meta property=\"og:image:height\" content=\"1000\" \/>\n\t<meta property=\"og:image:type\" content=\"image\/jpeg\" \/>\n<meta name=\"twitter:card\" content=\"summary_large_image\" \/>\n<meta name=\"twitter:label1\" content=\"Est. reading time\" \/>\n\t<meta name=\"twitter:data1\" content=\"3 minutes\" \/>\n<script type=\"application\/ld+json\" class=\"yoast-schema-graph\">{\"@context\":\"https:\/\/schema.org\",\"@graph\":[{\"@type\":\"WebPage\",\"@id\":\"https:\/\/chassenay.com\/en\/whats-new\/\",\"url\":\"https:\/\/chassenay.com\/en\/whats-new\/\",\"name\":\"WHAT'S NEW - CHASSENAY D&#039;ARCE\",\"isPartOf\":{\"@id\":\"https:\/\/chassenay.com\/#website\"},\"primaryImageOfPage\":{\"@id\":\"https:\/\/chassenay.com\/en\/whats-new\/#primaryimage\"},\"image\":{\"@id\":\"https:\/\/chassenay.com\/en\/whats-new\/#primaryimage\"},\"thumbnailUrl\":\"https:\/\/chassenay.com\/wp-content\/uploads\/2023\/06\/philosophie-travail.jpg\",\"datePublished\":\"2019-06-26T07:48:01+00:00\",\"dateModified\":\"2025-01-30T08:20:18+00:00\",\"breadcrumb\":{\"@id\":\"https:\/\/chassenay.com\/en\/whats-new\/#breadcrumb\"},\"inLanguage\":\"en-US\",\"potentialAction\":[{\"@type\":\"ReadAction\",\"target\":[\"https:\/\/chassenay.com\/en\/whats-new\/\"]}]},{\"@type\":\"ImageObject\",\"inLanguage\":\"en-US\",\"@id\":\"https:\/\/chassenay.com\/en\/whats-new\/#primaryimage\",\"url\":\"https:\/\/chassenay.com\/wp-content\/uploads\/2023\/06\/philosophie-travail.jpg\",\"contentUrl\":\"https:\/\/chassenay.com\/wp-content\/uploads\/2023\/06\/philosophie-travail.jpg\",\"width\":1500,\"height\":1000},{\"@type\":\"BreadcrumbList\",\"@id\":\"https:\/\/chassenay.com\/en\/whats-new\/#breadcrumb\",\"itemListElement\":[{\"@type\":\"ListItem\",\"position\":1,\"name\":\"Accueil\",\"item\":\"https:\/\/chassenay.com\/en\/\"},{\"@type\":\"ListItem\",\"position\":2,\"name\":\"WHAT&#8217;S NEW\"}]},{\"@type\":\"WebSite\",\"@id\":\"https:\/\/chassenay.com\/#website\",\"url\":\"https:\/\/chassenay.com\/\",\"name\":\"CHASSENAY D'ARCE\",\"description\":\"Maison de Vignerons\",\"publisher\":{\"@id\":\"https:\/\/chassenay.com\/#organization\"},\"potentialAction\":[{\"@type\":\"SearchAction\",\"target\":{\"@type\":\"EntryPoint\",\"urlTemplate\":\"https:\/\/chassenay.com\/?s={search_term_string}\"},\"query-input\":{\"@type\":\"PropertyValueSpecification\",\"valueRequired\":true,\"valueName\":\"search_term_string\"}}],\"inLanguage\":\"en-US\"},{\"@type\":\"Organization\",\"@id\":\"https:\/\/chassenay.com\/#organization\",\"name\":\"CHASSENAY D'ARCE\",\"url\":\"https:\/\/chassenay.com\/\",\"logo\":{\"@type\":\"ImageObject\",\"inLanguage\":\"en-US\",\"@id\":\"https:\/\/chassenay.com\/#\/schema\/logo\/image\/\",\"url\":\"https:\/\/chassenay.com\/wp-content\/uploads\/2024\/06\/LOGO.webp\",\"contentUrl\":\"https:\/\/chassenay.com\/wp-content\/uploads\/2024\/06\/LOGO.webp\",\"width\":852,\"height\":327,\"caption\":\"CHASSENAY D'ARCE\"},\"image\":{\"@id\":\"https:\/\/chassenay.com\/#\/schema\/logo\/image\/\"}}]}<\/script>\n<!-- \/ Yoast SEO plugin. -->","yoast_head_json":{"title":"WHAT'S NEW - CHASSENAY D&#039;ARCE","robots":{"index":"index","follow":"follow","max-snippet":"max-snippet:-1","max-image-preview":"max-image-preview:large","max-video-preview":"max-video-preview:-1"},"canonical":"https:\/\/chassenay.com\/en\/whats-new\/","og_locale":"en_US","og_type":"article","og_title":"WHAT'S NEW - CHASSENAY D&#039;ARCE","og_description":"WHAT&#8217;S NEW","og_url":"https:\/\/chassenay.com\/en\/whats-new\/","og_site_name":"CHASSENAY D&#039;ARCE","article_modified_time":"2025-01-30T08:20:18+00:00","og_image":[{"width":1500,"height":1000,"url":"https:\/\/chassenay.com\/wp-content\/uploads\/2023\/06\/philosophie-travail.jpg","type":"image\/jpeg"}],"twitter_card":"summary_large_image","twitter_misc":{"Est. reading time":"3 minutes"},"schema":{"@context":"https:\/\/schema.org","@graph":[{"@type":"WebPage","@id":"https:\/\/chassenay.com\/en\/whats-new\/","url":"https:\/\/chassenay.com\/en\/whats-new\/","name":"WHAT'S NEW - CHASSENAY D&#039;ARCE","isPartOf":{"@id":"https:\/\/chassenay.com\/#website"},"primaryImageOfPage":{"@id":"https:\/\/chassenay.com\/en\/whats-new\/#primaryimage"},"image":{"@id":"https:\/\/chassenay.com\/en\/whats-new\/#primaryimage"},"thumbnailUrl":"https:\/\/chassenay.com\/wp-content\/uploads\/2023\/06\/philosophie-travail.jpg","datePublished":"2019-06-26T07:48:01+00:00","dateModified":"2025-01-30T08:20:18+00:00","breadcrumb":{"@id":"https:\/\/chassenay.com\/en\/whats-new\/#breadcrumb"},"inLanguage":"en-US","potentialAction":[{"@type":"ReadAction","target":["https:\/\/chassenay.com\/en\/whats-new\/"]}]},{"@type":"ImageObject","inLanguage":"en-US","@id":"https:\/\/chassenay.com\/en\/whats-new\/#primaryimage","url":"https:\/\/chassenay.com\/wp-content\/uploads\/2023\/06\/philosophie-travail.jpg","contentUrl":"https:\/\/chassenay.com\/wp-content\/uploads\/2023\/06\/philosophie-travail.jpg","width":1500,"height":1000},{"@type":"BreadcrumbList","@id":"https:\/\/chassenay.com\/en\/whats-new\/#breadcrumb","itemListElement":[{"@type":"ListItem","position":1,"name":"Accueil","item":"https:\/\/chassenay.com\/en\/"},{"@type":"ListItem","position":2,"name":"WHAT&#8217;S NEW"}]},{"@type":"WebSite","@id":"https:\/\/chassenay.com\/#website","url":"https:\/\/chassenay.com\/","name":"CHASSENAY D'ARCE","description":"Maison de Vignerons","publisher":{"@id":"https:\/\/chassenay.com\/#organization"},"potentialAction":[{"@type":"SearchAction","target":{"@type":"EntryPoint","urlTemplate":"https:\/\/chassenay.com\/?s={search_term_string}"},"query-input":{"@type":"PropertyValueSpecification","valueRequired":true,"valueName":"search_term_string"}}],"inLanguage":"en-US"},{"@type":"Organization","@id":"https:\/\/chassenay.com\/#organization","name":"CHASSENAY D'ARCE","url":"https:\/\/chassenay.com\/","logo":{"@type":"ImageObject","inLanguage":"en-US","@id":"https:\/\/chassenay.com\/#\/schema\/logo\/image\/","url":"https:\/\/chassenay.com\/wp-content\/uploads\/2024\/06\/LOGO.webp","contentUrl":"https:\/\/chassenay.com\/wp-content\/uploads\/2024\/06\/LOGO.webp","width":852,"height":327,"caption":"CHASSENAY D'ARCE"},"image":{"@id":"https:\/\/chassenay.com\/#\/schema\/logo\/image\/"}}]}},"_links":{"self":[{"href":"https:\/\/chassenay.com\/en\/wp-json\/wp\/v2\/pages\/5299","targetHints":{"allow":["GET"]}}],"collection":[{"href":"https:\/\/chassenay.com\/en\/wp-json\/wp\/v2\/pages"}],"about":[{"href":"https:\/\/chassenay.com\/en\/wp-json\/wp\/v2\/types\/page"}],"author":[{"embeddable":true,"href":"https:\/\/chassenay.com\/en\/wp-json\/wp\/v2\/users\/1"}],"replies":[{"embeddable":true,"href":"https:\/\/chassenay.com\/en\/wp-json\/wp\/v2\/comments?post=5299"}],"version-history":[{"count":6,"href":"https:\/\/chassenay.com\/en\/wp-json\/wp\/v2\/pages\/5299\/revisions"}],"predecessor-version":[{"id":46835,"href":"https:\/\/chassenay.com\/en\/wp-json\/wp\/v2\/pages\/5299\/revisions\/46835"}],"wp:featuredmedia":[{"embeddable":true,"href":"https:\/\/chassenay.com\/en\/wp-json\/wp\/v2\/media\/42909"}],"wp:attachment":[{"href":"https:\/\/chassenay.com\/en\/wp-json\/wp\/v2\/media?parent=5299"}],"curies":[{"name":"wp","href":"https:\/\/api.w.org\/{rel}","templated":true}]}}